{"id":150,"date":"2021-10-03T09:29:01","date_gmt":"2021-10-03T07:29:01","guid":{"rendered":"http:\/\/yb-isn.fr\/2021\/spc\/?page_id=150"},"modified":"2021-10-03T09:37:22","modified_gmt":"2021-10-03T07:37:22","slug":"coin-des-math","status":"publish","type":"page","link":"https:\/\/yb-isn.fr\/2021\/spc\/?page_id=150","title":{"rendered":"Puissances de 10"},"content":{"rendered":"\n<p class=\"has-cyan-bluish-gray-background-color has-background\">puissances de 10<\/p>\n\n\n\n<p><\/p>\n\n\n\n<figure class=\"wp-block-image size-large is-resized\"><img loading=\"lazy\" decoding=\"async\" src=\"http:\/\/yb-isn.fr\/2021\/es\/wp-content\/uploads\/2021\/10\/image-1024x576.png\" alt=\"\" class=\"wp-image-217\" width=\"512\" height=\"288\"\/><\/figure>\n\n\n\n<p class=\"has-cyan-bluish-gray-background-color has-background\"><strong>Notation scientifique<\/strong><\/p>\n\n\n\n<figure class=\"wp-block-image size-large is-resized\"><img loading=\"lazy\" decoding=\"async\" src=\"http:\/\/yb-isn.fr\/2021\/es\/wp-content\/uploads\/2021\/10\/image-1-1024x255.png\" alt=\"\" class=\"wp-image-221\" width=\"512\" height=\"128\"\/><\/figure>\n\n\n\n<figure class=\"wp-block-image size-large is-resized\"><img loading=\"lazy\" decoding=\"async\" src=\"http:\/\/yb-isn.fr\/2021\/es\/wp-content\/uploads\/2021\/10\/image-2-1024x577.png\" alt=\"\" class=\"wp-image-222\" width=\"512\" height=\"289\"\/><\/figure>\n\n\n\n<p class=\"has-cyan-bluish-gray-background-color has-background\"><strong>Pr\u00e9fixes utilis\u00e9s dans le syst\u00e8me d\u00e9cimal<\/strong><\/p>\n\n\n\n<figure class=\"wp-block-image size-large is-resized\"><img loading=\"lazy\" decoding=\"async\" src=\"http:\/\/yb-isn.fr\/2021\/es\/wp-content\/uploads\/2021\/10\/image-3-1024x426.png\" alt=\"\" class=\"wp-image-224\" width=\"512\" height=\"213\"\/><\/figure>\n\n\n\n<figure class=\"wp-block-image size-large is-resized\"><img loading=\"lazy\" decoding=\"async\" src=\"http:\/\/yb-isn.fr\/2021\/es\/wp-content\/uploads\/2021\/10\/image-5-1024x311.png\" alt=\"\" class=\"wp-image-227\" width=\"512\" height=\"156\"\/><\/figure>\n\n\n\n<p class=\"has-cyan-bluish-gray-background-color has-background\"><strong>Exemple de proportionnalit\u00e9<\/strong><\/p>\n\n\n\n<figure class=\"wp-block-image size-large is-resized\"><img loading=\"lazy\" decoding=\"async\" src=\"http:\/\/yb-isn.fr\/2021\/es\/wp-content\/uploads\/2021\/10\/image-4-1024x581.png\" alt=\"\" class=\"wp-image-226\" width=\"512\" height=\"291\"\/><\/figure>\n","protected":false},"excerpt":{"rendered":"<p>puissances de 10 Notation scientifique Pr\u00e9fixes utilis\u00e9s dans le syst\u00e8me d\u00e9cimal Exemple de proportionnalit\u00e9<\/p>\n","protected":false},"author":1,"featured_media":0,"parent":0,"menu_order":0,"comment_status":"closed","ping_status":"closed","template":"","meta":{"footnotes":""},"class_list":["post-150","page","type-page","status-publish","hentry"],"_links":{"self":[{"href":"https:\/\/yb-isn.fr\/2021\/spc\/index.php?rest_route=\/wp\/v2\/pages\/150"}],"collection":[{"href":"https:\/\/yb-isn.fr\/2021\/spc\/index.php?rest_route=\/wp\/v2\/pages"}],"about":[{"href":"https:\/\/yb-isn.fr\/2021\/spc\/index.php?rest_route=\/wp\/v2\/types\/page"}],"author":[{"embeddable":true,"href":"https:\/\/yb-isn.fr\/2021\/spc\/index.php?rest_route=\/wp\/v2\/users\/1"}],"replies":[{"embeddable":true,"href":"https:\/\/yb-isn.fr\/2021\/spc\/index.php?rest_route=%2Fwp%2Fv2%2Fcomments&post=150"}],"version-history":[{"count":2,"href":"https:\/\/yb-isn.fr\/2021\/spc\/index.php?rest_route=\/wp\/v2\/pages\/150\/revisions"}],"predecessor-version":[{"id":155,"href":"https:\/\/yb-isn.fr\/2021\/spc\/index.php?rest_route=\/wp\/v2\/pages\/150\/revisions\/155"}],"wp:attachment":[{"href":"https:\/\/yb-isn.fr\/2021\/spc\/index.php?rest_route=%2Fwp%2Fv2%2Fmedia&parent=150"}],"curies":[{"name":"wp","href":"https:\/\/api.w.org\/{rel}","templated":true}]}}