{"id":179,"date":"2021-10-03T10:24:04","date_gmt":"2021-10-03T08:24:04","guid":{"rendered":"http:\/\/yb-isn.fr\/2021\/spc\/?page_id=179"},"modified":"2022-09-03T10:00:30","modified_gmt":"2022-09-03T08:00:30","slug":"coin-python","status":"publish","type":"page","link":"https:\/\/yb-isn.fr\/2021\/spc\/?page_id=179","title":{"rendered":"Coin Python"},"content":{"rendered":"<p><!--more--><\/p>\n\n\n<p class=\"has-very-dark-gray-color has-very-light-gray-background-color has-text-color has-background has-medium-font-size\">3)Le langage python<\/p>\n\n\n\n<div class=\"wp-block-media-text alignwide\"><figure class=\"wp-block-media-text__media\"><img decoding=\"async\" src=\"http:\/\/yb-isn.fr\/nsi2019\/wp-content\/uploads\/2019\/09\/Sans-titre-5.jpg\" alt=\"\" class=\"wp-image-33 size-full\"\/><\/figure><div class=\"wp-block-media-text__content\">\n<p>Les machines ne travaillent<strong> <\/strong>qu\u2019avec des donn\u00e9es binaires et le langage machine qui est un langage de bas niveau.La programmation avec un langage de haut niveau comme python plus proche de notre langage naturel facilite le travail du programmeur.<\/p>\n<\/div><\/div>\n\n\n\n<p> Python est r\u00e9put\u00e9 \u00eatre facile \u00e0 apprendre concis et clair.<br> C\u2019est un langage open source ce qui signifie que sa licence respecte les crit\u00e8res :<br> \u2022    Acc\u00e8s au code source<br> \u2022    Cr\u00e9ations de produit d\u00e9riv\u00e9s<br> \u2022    Libre redistribution<br> Outils utilis\u00e9s pour coder en python<br> <\/p>\n\n\n\n<p>Pour coder en python il vous faudra un&nbsp; EDI (Environnement de D\u00e9veloppement Int\u00e9gr\u00e9) ou IDE (Integrated d\u00e9veloppement&nbsp;environnement)&nbsp;<\/p>\n\n\n<p id=\"block-59d7c96f-2407-43b6-bd75-ce0bbd7c938c\" class=\"block-editor-rich-text__editable block-editor-block-list__block wp-block wp-block-paragraph rich-text\" tabindex=\"0\" role=\"group\" aria-multiline=\"true\" aria-label=\"Bloc paragraphe\" data-block=\"59d7c96f-2407-43b6-bd75-ce0bbd7c938c\" data-type=\"core\/paragraph\" data-title=\"Paragraphe\" data-empty=\"false\" contenteditable=\"true\"><img loading=\"lazy\" decoding=\"async\" class=\"n3VNCb alignleft\" src=\"https:\/\/taiwebs.com\/upload\/icons\/thonny220-220.png\" alt=\"T\u00e9l\u00e9charger Thonny 3.2.6\" data-noaft=\"1\" width=\"120\" height=\"120\">Thonny est est un excellent IDE Python, en particulier pour les d\u00e9butants.<a href=\"https:\/\/thonny.org\/\">https:\/\/thonny.org\/<\/a><\/p>\n<p id=\"block-439231ff-19ef-4e92-91b2-4e29e5c97aad\" class=\"block-editor-rich-text__editable block-editor-block-list__block wp-block wp-block-paragraph rich-text\" tabindex=\"0\" role=\"group\" aria-multiline=\"true\" aria-label=\"Bloc paragraphe\" data-block=\"439231ff-19ef-4e92-91b2-4e29e5c97aad\" data-type=\"core\/paragraph\" data-title=\"Paragraphe\" data-empty=\"false\" contenteditable=\"true\">L\u00e9ger son installation est tr\u00e8s facile et int\u00e8gre une version r\u00e9cente de python.<\/p>\n<p><a href=\"http:\/\/yb-isn.fr\/video-spe-phy\/installthonny.mp4\">http:\/\/yb-isn.fr\/video-spe-phy\/installthonny.mp4<\/a><\/p>\n<p><\/p>\n<p id=\"block-aae7dac2-005e-491f-9b31-d6c15b277374\" class=\"block-editor-rich-text__editable block-editor-block-list__block wp-block wp-block-paragraph rich-text\" tabindex=\"0\" role=\"group\" aria-multiline=\"true\" aria-label=\"Bloc paragraphe\" data-block=\"aae7dac2-005e-491f-9b31-d6c15b277374\" data-type=\"core\/paragraph\" data-title=\"Paragraphe\" data-empty=\"false\" contenteditable=\"true\"><img loading=\"lazy\" decoding=\"async\" class=\"n3VNCb alignleft\" src=\"https:\/\/i0.wp.com\/softwareengineeringdaily.com\/wp-content\/uploads\/2019\/09\/replit-logo.png?resize=730%2C389&amp;ssl=1\" alt=\"Repl.it: Browser Coding with Amjad Masad - Software Engineering Daily\" data-noaft=\"1\" width=\"164\" height=\"88\">REPL.it est une interface en ligne permettant de programmer en python. Elle est disponible \u00e0 l\u2019adresse suivante : <a href=\"https:\/\/repl.it\/languages\/python3\">https:\/\/repl.it\/languages\/python3<\/a> .<\/p>\n<p id=\"block-a4497a41-f7bf-4c00-8d29-aa79e122fd08\" class=\"block-editor-rich-text__editable block-editor-block-list__block wp-block wp-block-paragraph rich-text\" tabindex=\"0\" role=\"group\" aria-multiline=\"true\" aria-label=\"Bloc paragraphe\" data-block=\"a4497a41-f7bf-4c00-8d29-aa79e122fd08\" data-type=\"core\/paragraph\" data-title=\"Paragraphe\" data-empty=\"false\" contenteditable=\"true\">Pour les utilisateurs plus avanc\u00e9s l\u2019utilisation de jupyter notebook est une alternative int\u00e9ressante pour le partage et l\u2019illustration du cours. Il est pr\u00e9sent sur anaconda, winpython.<\/p>\n<p><\/p>\n<p><img loading=\"lazy\" decoding=\"async\" class=\"wp-image-1662 alignleft\" src=\"https:\/\/mohanma.com\/wp-content\/uploads\/2021\/08\/colab.png\" sizes=\"(max-width: 260px) 100vw, 260px\" srcset=\"https:\/\/mohanma.com\/wp-content\/uploads\/2021\/08\/colab.png 260w, https:\/\/mohanma.com\/wp-content\/uploads\/2021\/08\/colab-150x150.png 150w, https:\/\/mohanma.com\/wp-content\/uploads\/2021\/08\/colab-100x100.png 100w\" alt=\"\" width=\"125\" height=\"125\">Avec collaboratory Il suffit d\u2019une adresse gmail et du drive google associ\u00e9. La vid\u00e9o ci-dessous (2\u201955) vous montre comment l\u2019utiliser sans rien avoir \u00e0 installer.<\/p>\n<p id=\"block-6c54bccc-277c-4dcf-ad3f-efe4b59bd58f\" class=\"block-editor-rich-text__editable block-editor-block-list__block wp-block wp-block-paragraph rich-text\" tabindex=\"0\" role=\"group\" aria-multiline=\"true\" aria-label=\"Bloc paragraphe\" data-block=\"6c54bccc-277c-4dcf-ad3f-efe4b59bd58f\" data-type=\"core\/paragraph\" data-title=\"Paragraphe\" data-empty=\"false\" contenteditable=\"true\"><a href=\"http:\/\/yb-isn.fr\/video-spe-phy\/colaboratory.mp4\" data-rich-text-format-boundary=\"true\">http:\/\/yb-isn.fr\/video-spe-phy\/colaboratory.mp4<\/a><\/p>\n<p><\/p>\n\n\n<figure class=\"wp-block-embed is-type-wp-embed is-provider-specialite-physique wp-block-embed-specialite-physique\"><div class=\"wp-block-embed__wrapper\">\n<blockquote class=\"wp-embedded-content\" data-secret=\"eLx8ymX75y\"><a href=\"http:\/\/yb-isn.fr\/spe-physique-2020\/?p=385\">python -cin\u00e9matique<\/a><\/blockquote><iframe loading=\"lazy\" class=\"wp-embedded-content\" sandbox=\"allow-scripts\" security=\"restricted\" style=\"position: absolute; clip: rect(1px, 1px, 1px, 1px);\" title=\"\u00ab\u00a0python -cin\u00e9matique\u00a0\u00bb &#8212; Sp\u00e9cialit\u00e9 Physique \" src=\"http:\/\/yb-isn.fr\/spe-physique-2020\/?p=385&#038;embed=true#?secret=eLx8ymX75y\" data-secret=\"eLx8ymX75y\" width=\"600\" height=\"338\" frameborder=\"0\" marginwidth=\"0\" marginheight=\"0\" scrolling=\"no\"><\/iframe>\n<\/div><\/figure>\n\n\n\n<p><\/p>\n","protected":false},"excerpt":{"rendered":"","protected":false},"author":1,"featured_media":0,"parent":0,"menu_order":0,"comment_status":"closed","ping_status":"closed","template":"","meta":{"footnotes":""},"class_list":["post-179","page","type-page","status-publish","hentry"],"_links":{"self":[{"href":"https:\/\/yb-isn.fr\/2021\/spc\/index.php?rest_route=\/wp\/v2\/pages\/179"}],"collection":[{"href":"https:\/\/yb-isn.fr\/2021\/spc\/index.php?rest_route=\/wp\/v2\/pages"}],"about":[{"href":"https:\/\/yb-isn.fr\/2021\/spc\/index.php?rest_route=\/wp\/v2\/types\/page"}],"author":[{"embeddable":true,"href":"https:\/\/yb-isn.fr\/2021\/spc\/index.php?rest_route=\/wp\/v2\/users\/1"}],"replies":[{"embeddable":true,"href":"https:\/\/yb-isn.fr\/2021\/spc\/index.php?rest_route=%2Fwp%2Fv2%2Fcomments&post=179"}],"version-history":[{"count":2,"href":"https:\/\/yb-isn.fr\/2021\/spc\/index.php?rest_route=\/wp\/v2\/pages\/179\/revisions"}],"predecessor-version":[{"id":569,"href":"https:\/\/yb-isn.fr\/2021\/spc\/index.php?rest_route=\/wp\/v2\/pages\/179\/revisions\/569"}],"wp:attachment":[{"href":"https:\/\/yb-isn.fr\/2021\/spc\/index.php?rest_route=%2Fwp%2Fv2%2Fmedia&parent=179"}],"curies":[{"name":"wp","href":"https:\/\/api.w.org\/{rel}","templated":true}]}}