{"id":164,"date":"2025-09-09T09:46:18","date_gmt":"2025-09-09T07:46:18","guid":{"rendered":"https:\/\/yb-isn.fr\/2025\/spc\/?page_id=164"},"modified":"2025-09-09T09:46:19","modified_gmt":"2025-09-09T07:46:19","slug":"grand-oral","status":"publish","type":"page","link":"https:\/\/yb-isn.fr\/2025\/spc\/?page_id=164","title":{"rendered":"Grand oral"},"content":{"rendered":"\n<figure class=\"wp-block-image size-full\"><img decoding=\"async\" src=\"https:\/\/yb-isn.fr\/2024\/spc\/wp-content\/uploads\/2024\/10\/image-4.png\" alt=\"\" class=\"wp-image-424\"\/><\/figure>\n\n\n\n<p><\/p>\n\n\n\n<p><a href=\"https:\/\/eduscol.education.fr\/729\/presentation-du-grand-oral\">https:\/\/eduscol.education.fr\/729\/presentation-du-grand-oral<\/a><\/p>\n\n\n\n<p><a href=\"https:\/\/www.education.gouv.fr\/reussir-au-lycee\/baccalaureat-comment-se-passe-le-grand-oral-100028\">Comment se passe le grand oral ?<\/a><\/p>\n\n\n\n<figure class=\"wp-block-image size-full\"><img decoding=\"async\" src=\"https:\/\/yb-isn.fr\/2022\/spc\/wp-content\/uploads\/2023\/04\/image-1.png\" alt=\"\" class=\"wp-image-1123\"\/><\/figure>\n\n\n\n<p>Afin de vous accompagner au mieux pour ce grand oral je vous invite \u00e0 cr\u00e9er un cahier multim\u00e9dia dans votre ENT<\/p>\n\n\n\n<figure class=\"wp-block-image size-full is-resized\"><a href=\"s:\/\/jeunes.nouvelle-aquitaine.fr\/formation\/au-lycee\/lycee-conn\"><img decoding=\"async\" src=\"https:\/\/yb-isn.fr\/2022\/spc\/wp-content\/uploads\/2023\/04\/image.png\" alt=\"\" class=\"wp-image-1122\"\/><\/a><\/figure>\n\n\n\n<figure class=\"wp-block-image size-full\"><img decoding=\"async\" src=\"https:\/\/yb-isn.fr\/2022\/spc\/wp-content\/uploads\/2023\/04\/image-2.png\" alt=\"\" class=\"wp-image-1124\"\/><\/figure>\n\n\n\n<p>Vous devez partager votre cahier avec moi en m&rsquo;accordant des droits pour pouvoir l&rsquo;annoter.<\/p>\n\n\n\n<p><a href=\"https:\/\/opendigitaleducation.gitbook.io\/manuel-utilisation-one\/scrap-book\">https:\/\/opendigitaleducation.gitbook.io\/manuel-utilisation-one\/scrap-book<\/a><\/p>\n\n\n\n<figure class=\"wp-block-embed is-type-video is-provider-youtube wp-block-embed-youtube wp-embed-aspect-16-9 wp-has-aspect-ratio\"><div class=\"wp-block-embed__wrapper\">\n<iframe loading=\"lazy\" title=\"Tutoriel pour les \u00e9l\u00e8ves : Cr\u00e9er et partager un Cahier multim\u00e9dia avec un enseignant\" width=\"640\" height=\"360\" src=\"https:\/\/www.youtube.com\/embed\/kUN-smd2sKY?feature=oembed\" frameborder=\"0\" allow=\"accelerometer; autoplay; clipboard-write; encrypted-media; gyroscope; picture-in-picture; web-share\" referrerpolicy=\"strict-origin-when-cross-origin\" allowfullscreen><\/iframe>\n<\/div><\/figure>\n","protected":false},"excerpt":{"rendered":"<p>https:\/\/eduscol.education.fr\/729\/presentation-du-grand-oral Comment se passe le grand oral ? Afin de vous accompagner au mieux pour ce grand oral je vous [&hellip;]<\/p>\n","protected":false},"author":1,"featured_media":0,"parent":0,"menu_order":0,"comment_status":"closed","ping_status":"closed","template":"","meta":{"_themeisle_gutenberg_block_has_review":false,"footnotes":""},"class_list":["post-164","page","type-page","status-publish","hentry"],"_links":{"self":[{"href":"https:\/\/yb-isn.fr\/2025\/spc\/index.php?rest_route=\/wp\/v2\/pages\/164","targetHints":{"allow":["GET"]}}],"collection":[{"href":"https:\/\/yb-isn.fr\/2025\/spc\/index.php?rest_route=\/wp\/v2\/pages"}],"about":[{"href":"https:\/\/yb-isn.fr\/2025\/spc\/index.php?rest_route=\/wp\/v2\/types\/page"}],"author":[{"embeddable":true,"href":"https:\/\/yb-isn.fr\/2025\/spc\/index.php?rest_route=\/wp\/v2\/users\/1"}],"replies":[{"embeddable":true,"href":"https:\/\/yb-isn.fr\/2025\/spc\/index.php?rest_route=%2Fwp%2Fv2%2Fcomments&post=164"}],"version-history":[{"count":1,"href":"https:\/\/yb-isn.fr\/2025\/spc\/index.php?rest_route=\/wp\/v2\/pages\/164\/revisions"}],"predecessor-version":[{"id":166,"href":"https:\/\/yb-isn.fr\/2025\/spc\/index.php?rest_route=\/wp\/v2\/pages\/164\/revisions\/166"}],"wp:attachment":[{"href":"https:\/\/yb-isn.fr\/2025\/spc\/index.php?rest_route=%2Fwp%2Fv2%2Fmedia&parent=164"}],"curies":[{"name":"wp","href":"https:\/\/api.w.org\/{rel}","templated":true}]}}