{"id":167,"date":"2025-09-09T09:49:04","date_gmt":"2025-09-09T07:49:04","guid":{"rendered":"https:\/\/yb-isn.fr\/2025\/spc\/?page_id=167"},"modified":"2025-11-25T08:26:59","modified_gmt":"2025-11-25T07:26:59","slug":"table-des-matieres","status":"publish","type":"page","link":"https:\/\/yb-isn.fr\/2025\/spc\/?page_id=167","title":{"rendered":"Sommaire"},"content":{"rendered":"<ul class=\"wp-block-latest-posts__list wp-block-latest-posts\"><li><a class=\"wp-block-latest-posts__post-title\" href=\"https:\/\/yb-isn.fr\/2025\/spc\/?p=86\">0-prise de contact<\/a><\/li>\n<li><a class=\"wp-block-latest-posts__post-title\" href=\"https:\/\/yb-isn.fr\/2025\/spc\/?p=68\">1-rappels de chimie<\/a><\/li>\n<li><a class=\"wp-block-latest-posts__post-title\" href=\"https:\/\/yb-isn.fr\/2025\/spc\/?p=125\">2-R\u00e9actions Acide Base<\/a><\/li>\n<li><a class=\"wp-block-latest-posts__post-title\" href=\"https:\/\/yb-isn.fr\/2025\/spc\/?p=144\">3-TPn\u00b01 : R\u00e9action acide base<\/a><\/li>\n<li><a class=\"wp-block-latest-posts__post-title\" href=\"https:\/\/yb-isn.fr\/2025\/spc\/?p=179\">4-TPn\u00b02 pH et concentration en ions oxonium+corrig\u00e9<\/a><\/li>\n<li><a class=\"wp-block-latest-posts__post-title\" href=\"https:\/\/yb-isn.fr\/2025\/spc\/?p=183\">5-M\u00e9thodes physiques d&rsquo;analyse d&rsquo;un syst\u00e8me chimique<\/a><\/li>\n<li><a class=\"wp-block-latest-posts__post-title\" href=\"https:\/\/yb-isn.fr\/2025\/spc\/?p=187\">6-nomenclature en chimie organique<\/a><\/li>\n<li><a class=\"wp-block-latest-posts__post-title\" href=\"https:\/\/yb-isn.fr\/2025\/spc\/?p=192\">6-TP N\u00b03 dosage d&rsquo;un s\u00e9rum physiologique<\/a><\/li>\n<li><a class=\"wp-block-latest-posts__post-title\" href=\"https:\/\/yb-isn.fr\/2025\/spc\/?p=224\">7-Exercices corrig\u00e9s: M\u00e9thodes physiques d&rsquo;analyse chimique<\/a><\/li>\n<li><a class=\"wp-block-latest-posts__post-title\" href=\"https:\/\/yb-isn.fr\/2025\/spc\/?p=227\">8- cours: Ph\u00e9nom\u00e8nes ondulatoires<\/a><\/li>\n<li><a class=\"wp-block-latest-posts__post-title\" href=\"https:\/\/yb-isn.fr\/2025\/spc\/?p=234\">9-devoir de chimie n\u00b01 + corrig\u00e9<\/a><\/li>\n<li><a class=\"wp-block-latest-posts__post-title\" href=\"https:\/\/yb-isn.fr\/2025\/spc\/?p=243\">10-TP n\u00b04 :La diffraction<\/a><\/li>\n<li><a class=\"wp-block-latest-posts__post-title\" href=\"https:\/\/yb-isn.fr\/2025\/spc\/?p=251\">11-Exercices sur les ondes<\/a><\/li>\n<li><a class=\"wp-block-latest-posts__post-title\" href=\"https:\/\/yb-isn.fr\/2025\/spc\/?p=255\">13-Activit\u00e9s-Effet Doppler<\/a><\/li>\n<li><a class=\"wp-block-latest-posts__post-title\" href=\"https:\/\/yb-isn.fr\/2025\/spc\/?p=275\">12-Quelques r\u00e9visions pour pr\u00e9parer le devoir n\u00b02<\/a><\/li>\n<li><a class=\"wp-block-latest-posts__post-title\" href=\"https:\/\/yb-isn.fr\/2025\/spc\/?p=295\">14-devoir n\u00b02 + corrig\u00e9<\/a><\/li>\n<li><a class=\"wp-block-latest-posts__post-title\" href=\"https:\/\/yb-isn.fr\/2025\/spc\/?p=288\">15-Dosage par titrage<\/a><\/li>\n<li><a class=\"wp-block-latest-posts__post-title\" href=\"https:\/\/yb-isn.fr\/2025\/spc\/?p=306\">16-Titrages du destop<\/a><\/li>\n<li><a class=\"wp-block-latest-posts__post-title\" href=\"https:\/\/yb-isn.fr\/2025\/spc\/?p=308\">17-Exercices Titrages corrig\u00e9s<\/a><\/li>\n<li><a class=\"wp-block-latest-posts__post-title\" href=\"https:\/\/yb-isn.fr\/2025\/spc\/?p=310\">18-Cin\u00e9tique chimique<\/a><\/li>\n<li><a class=\"wp-block-latest-posts__post-title\" href=\"https:\/\/yb-isn.fr\/2025\/spc\/?p=313\">19-TP facteurs cin\u00e9tiques+ corrig\u00e9<\/a><\/li>\n<li><a class=\"wp-block-latest-posts__post-title\" href=\"https:\/\/yb-isn.fr\/2025\/spc\/?p=316\">20-dosage d&rsquo;HCl + corrig\u00e9s<\/a><\/li>\n<li><a class=\"wp-block-latest-posts__post-title\" href=\"https:\/\/yb-isn.fr\/2025\/spc\/?p=356\">21-devoir n\u00b03 + corrig\u00e9<\/a><\/li>\n<li><a class=\"wp-block-latest-posts__post-title\" href=\"https:\/\/yb-isn.fr\/2025\/spc\/?p=367\">22-TP suivi cin\u00e9tique corrig\u00e9<\/a><\/li>\n<li><a class=\"wp-block-latest-posts__post-title\" href=\"https:\/\/yb-isn.fr\/2025\/spc\/?p=408\">22-Rencontre du 18\/12\/2025<\/a><\/li>\n<li><a class=\"wp-block-latest-posts__post-title\" href=\"https:\/\/yb-isn.fr\/2025\/spc\/?p=411\">23-M\u00e9canismes r\u00e9actionnels corrig\u00e9s<\/a><\/li>\n<li><a class=\"wp-block-latest-posts__post-title\" href=\"https:\/\/yb-isn.fr\/2025\/spc\/?p=414\">24-Cin\u00e9matique du point<\/a><\/li>\n<li><a class=\"wp-block-latest-posts__post-title\" href=\"https:\/\/yb-isn.fr\/2025\/spc\/?p=418\">25&#8211;TP Mouvements de V\u00e9nus<\/a><\/li>\n<li><a class=\"wp-block-latest-posts__post-title\" href=\"https:\/\/yb-isn.fr\/2025\/spc\/?p=451\">26-Activit\u00e9 : Acc\u00e9l\u00e9ration normale<\/a><\/li>\n<li><a class=\"wp-block-latest-posts__post-title\" href=\"https:\/\/yb-isn.fr\/2025\/spc\/?p=454\">27-devoir de chimie : cin\u00e9tique chimique  corrig\u00e9<\/a><\/li>\n<li><a class=\"wp-block-latest-posts__post-title\" href=\"https:\/\/yb-isn.fr\/2025\/spc\/?p=463\">28-Mouvements et forces<\/a><\/li>\n<li><a class=\"wp-block-latest-posts__post-title\" href=\"https:\/\/yb-isn.fr\/2025\/spc\/?p=465\">29-TP : \u00e9tude d&rsquo;un lancer franc<\/a><\/li>\n<li><a class=\"wp-block-latest-posts__post-title\" href=\"https:\/\/yb-isn.fr\/2025\/spc\/?p=477\">30-devoir de rattrapage cin\u00e9tique + corrig\u00e9<\/a><\/li>\n<li><a class=\"wp-block-latest-posts__post-title\" href=\"https:\/\/yb-isn.fr\/2025\/spc\/?p=496\">31-Python &amp; cin\u00e9matique<\/a><\/li>\n<li><a class=\"wp-block-latest-posts__post-title\" href=\"https:\/\/yb-isn.fr\/2025\/spc\/?p=515\">32 super h\u00e9ro en danger : corrig\u00e9<\/a><\/li>\n<li><a class=\"wp-block-latest-posts__post-title\" href=\"https:\/\/yb-isn.fr\/2025\/spc\/?p=517\">33-Mouvement dans un champ \u00e9lectrique uniforme<\/a><\/li>\n<li><a class=\"wp-block-latest-posts__post-title\" href=\"https:\/\/yb-isn.fr\/2025\/spc\/?p=519\">34-Sujets et corrig\u00e9s de bacs  blancs<\/a><\/li>\n<li><a class=\"wp-block-latest-posts__post-title\" href=\"https:\/\/yb-isn.fr\/2025\/spc\/?p=523\">35-TP Le lancer franc (approche \u00e9nerg\u00e9tique)<\/a><\/li>\n<li><a class=\"wp-block-latest-posts__post-title\" href=\"https:\/\/yb-isn.fr\/2025\/spc\/?p=526\">36-Mouvements et forces: aspects \u00e9nerg\u00e9tiques<\/a><\/li>\n<li><a class=\"wp-block-latest-posts__post-title\" href=\"https:\/\/yb-isn.fr\/2025\/spc\/?p=529\">37-TP \u00c9quilibre chimique dynamique<\/a><\/li>\n<li><a class=\"wp-block-latest-posts__post-title\" href=\"https:\/\/yb-isn.fr\/2025\/spc\/?p=532\">38-Evolution spontan\u00e9e d&rsquo;un syst\u00e8me chimique<\/a><\/li>\n<li><a class=\"wp-block-latest-posts__post-title\" href=\"https:\/\/yb-isn.fr\/2025\/spc\/?p=534\">39-TP piles<\/a><\/li>\n<li><a class=\"wp-block-latest-posts__post-title\" href=\"https:\/\/yb-isn.fr\/2025\/spc\/?p=536\">40-Exercices : \u00e9volution spontan\u00e9e d&rsquo;un syst\u00e8me chimique<\/a><\/li>\n<li><a class=\"wp-block-latest-posts__post-title\" href=\"https:\/\/yb-isn.fr\/2025\/spc\/?p=551\">41-devoir m\u00e9ca+piles +corrig\u00e9s<\/a><\/li>\n<li><a class=\"wp-block-latest-posts__post-title\" href=\"https:\/\/yb-isn.fr\/2025\/spc\/?p=555\">42-Force des acides et des bases<\/a><\/li>\n<li><a class=\"wp-block-latest-posts__post-title\" href=\"https:\/\/yb-isn.fr\/2025\/spc\/?p=570\">43-Exercices force des acides et des bases<\/a><\/li>\n<li><a class=\"wp-block-latest-posts__post-title\" href=\"https:\/\/yb-isn.fr\/2025\/spc\/?p=557\">44-TP :D\u00e9termination exp\u00e9rimentale du pKa<\/a><\/li>\n<li><a class=\"wp-block-latest-posts__post-title\" href=\"https:\/\/yb-isn.fr\/2025\/spc\/?p=559\">45-Rappels d&rsquo;optique<\/a><\/li>\n<li><a class=\"wp-block-latest-posts__post-title\" href=\"https:\/\/yb-isn.fr\/2025\/spc\/?p=577\">46 activit\u00e9 formules de conjugaison<\/a><\/li>\n<li><a class=\"wp-block-latest-posts__post-title\" href=\"https:\/\/yb-isn.fr\/2025\/spc\/?p=562\">47-la lunette astronomique<\/a><\/li>\n<li><a class=\"wp-block-latest-posts__post-title\" href=\"https:\/\/yb-isn.fr\/2025\/spc\/?p=592\">48-TP la lunette astronomique<\/a><\/li>\n<li><a class=\"wp-block-latest-posts__post-title\" href=\"https:\/\/yb-isn.fr\/2025\/spc\/?p=602\">50-La radioactivit\u00e9<\/a><\/li>\n<li><a class=\"wp-block-latest-posts__post-title\" href=\"https:\/\/yb-isn.fr\/2025\/spc\/?p=604\">51-m\u00e9canique c\u00e9leste<\/a><\/li>\n<li><a class=\"wp-block-latest-posts__post-title\" href=\"https:\/\/yb-isn.fr\/2025\/spc\/?p=607\">53-Anciens bac blancs<\/a><\/li>\n<li><a class=\"wp-block-latest-posts__post-title\" href=\"https:\/\/yb-isn.fr\/2025\/spc\/?p=613\">54-Strat\u00e9gie de synth\u00e8se en chimie organique<\/a><\/li>\n<li><a class=\"wp-block-latest-posts__post-title\" href=\"https:\/\/yb-isn.fr\/2025\/spc\/?p=618\">55-tp synth\u00e8se de l&rsquo;aspirine<\/a><\/li>\n<li><a class=\"wp-block-latest-posts__post-title\" href=\"https:\/\/yb-isn.fr\/2025\/spc\/?p=621\">56-tp Identification et dosage de l&rsquo;aspirine<\/a><\/li>\n<li><a class=\"wp-block-latest-posts__post-title\" href=\"https:\/\/yb-isn.fr\/2025\/spc\/?p=662\">57-Devoir de chimie : les pluies acides<\/a><\/li>\n<li><a class=\"wp-block-latest-posts__post-title\" href=\"https:\/\/yb-isn.fr\/2025\/spc\/?p=674\">58-pr\u00e9paration du devoir de physique<\/a><\/li>\n<li><a class=\"wp-block-latest-posts__post-title\" href=\"https:\/\/yb-isn.fr\/2025\/spc\/?p=685\">59-devoir m\u00e9canique c\u00e9leste+optique +<\/a><\/li>\n<li><a class=\"wp-block-latest-posts__post-title\" href=\"https:\/\/yb-isn.fr\/2025\/spc\/?p=694\">60-Identification et dosage de l&rsquo;aspirine<\/a><\/li>\n<li><a class=\"wp-block-latest-posts__post-title\" href=\"https:\/\/yb-isn.fr\/2025\/spc\/?p=698\">61-synth\u00e8se de l&rsquo;ac\u00e9tate d&rsquo;isoamyle<\/a><\/li>\n<li><a class=\"wp-block-latest-posts__post-title\" href=\"https:\/\/yb-isn.fr\/2025\/spc\/?p=689\">62-\u00c9tude dynamique d&rsquo;un circuit \u00e9lectrique<\/a><\/li>\n<li><a class=\"wp-block-latest-posts__post-title\" href=\"https:\/\/yb-isn.fr\/2025\/spc\/?p=691\">63-TP \u00e9tude dynamique d&rsquo;un circuit \u00e9lectrique<\/a><\/li>\n<li><a class=\"wp-block-latest-posts__post-title\" href=\"https:\/\/yb-isn.fr\/2025\/spc\/?p=745\">64-Interaction lumi\u00e8re mati\u00e8re<\/a><\/li>\n<li><a class=\"wp-block-latest-posts__post-title\" href=\"https:\/\/yb-isn.fr\/2025\/spc\/?p=806\">64-probl\u00e8me interaction lumi\u00e8re mati\u00e8re<\/a><\/li>\n<li><a class=\"wp-block-latest-posts__post-title\" href=\"https:\/\/yb-isn.fr\/2025\/spc\/?p=764\">65-Bac blanc 2026<\/a><\/li>\n<li><a class=\"wp-block-latest-posts__post-title\" href=\"https:\/\/yb-isn.fr\/2025\/spc\/?p=749\">66-R\u00e9actions chimiques forc\u00e9es<\/a><\/li>\n<li><a class=\"wp-block-latest-posts__post-title\" href=\"https:\/\/yb-isn.fr\/2025\/spc\/?p=747\">67-Transferts thermiques<\/a><\/li>\n<li><a class=\"wp-block-latest-posts__post-title\" href=\"https:\/\/yb-isn.fr\/2025\/spc\/?p=808\">67-probl\u00e8mes transferts thermiques<\/a><\/li>\n<li><a class=\"wp-block-latest-posts__post-title\" href=\"https:\/\/yb-isn.fr\/2025\/spc\/?p=799\">69-corrig\u00e9 et bar\u00e8me du bac blanc J1<\/a><\/li>\n<li><a class=\"wp-block-latest-posts__post-title\" href=\"https:\/\/yb-isn.fr\/2025\/spc\/?p=810\">70-pr\u00e9paration du devoir du 30-04-2026<\/a><\/li>\n<li><a class=\"wp-block-latest-posts__post-title\" href=\"https:\/\/yb-isn.fr\/2025\/spc\/?p=820\">71-Equations diff\u00e9rentielles lin\u00e9aires d&rsquo;ordre 1<\/a><\/li>\n<li><a class=\"wp-block-latest-posts__post-title\" href=\"https:\/\/yb-isn.fr\/2025\/spc\/?p=825\">Planning de r\u00e9visions ece<\/a><\/li>\n<\/ul>","protected":false},"excerpt":{"rendered":"","protected":false},"author":1,"featured_media":0,"parent":0,"menu_order":0,"comment_status":"closed","ping_status":"closed","template":"","meta":{"_themeisle_gutenberg_block_has_review":false,"footnotes":""},"class_list":["post-167","page","type-page","status-publish","hentry"],"_links":{"self":[{"href":"https:\/\/yb-isn.fr\/2025\/spc\/index.php?rest_route=\/wp\/v2\/pages\/167","targetHints":{"allow":["GET"]}}],"collection":[{"href":"https:\/\/yb-isn.fr\/2025\/spc\/index.php?rest_route=\/wp\/v2\/pages"}],"about":[{"href":"https:\/\/yb-isn.fr\/2025\/spc\/index.php?rest_route=\/wp\/v2\/types\/page"}],"author":[{"embeddable":true,"href":"https:\/\/yb-isn.fr\/2025\/spc\/index.php?rest_route=\/wp\/v2\/users\/1"}],"replies":[{"embeddable":true,"href":"https:\/\/yb-isn.fr\/2025\/spc\/index.php?rest_route=%2Fwp%2Fv2%2Fcomments&post=167"}],"version-history":[{"count":3,"href":"https:\/\/yb-isn.fr\/2025\/spc\/index.php?rest_route=\/wp\/v2\/pages\/167\/revisions"}],"predecessor-version":[{"id":369,"href":"https:\/\/yb-isn.fr\/2025\/spc\/index.php?rest_route=\/wp\/v2\/pages\/167\/revisions\/369"}],"wp:attachment":[{"href":"https:\/\/yb-isn.fr\/2025\/spc\/index.php?rest_route=%2Fwp%2Fv2%2Fmedia&parent=167"}],"curies":[{"name":"wp","href":"https:\/\/api.w.org\/{rel}","templated":true}]}}