{"id":170,"date":"2025-09-09T09:51:31","date_gmt":"2025-09-09T07:51:31","guid":{"rendered":"https:\/\/yb-isn.fr\/2025\/spc\/?page_id=170"},"modified":"2025-09-09T09:51:32","modified_gmt":"2025-09-09T07:51:32","slug":"ece","status":"publish","type":"page","link":"https:\/\/yb-isn.fr\/2025\/spc\/?page_id=170","title":{"rendered":"ECE"},"content":{"rendered":"<p><!--more--><\/p>\n\n\n<p class=\"has-brown-color has-tan-background-color has-text-color has-background has-link-color wp-elements-e91659d278e344cabe1eebb218c8e83d\"><strong>\u00e9preuve ece<\/strong><\/p>\n\n\n\n<p><a href=\"https:\/\/www.education.gouv.fr\/bo\/2025\/Hebdo4\/MENE2433176N\">https:\/\/www.education.gouv.fr\/bo\/2025\/Hebdo4\/MENE2433176N<\/a><\/p>\n\n\n\n<p class=\"has-brown-color has-tan-background-color has-text-color has-background has-link-color wp-elements-531446b3b28291759a162a55b77b9687\"><strong>banque de sujets (officiel)<\/strong><\/p>\n\n\n\n<p><a href=\"https:\/\/sujets.examens-concours.gouv.fr\/delos\/public\/bgt\/ece_pc\">https:\/\/sujets.examens-concours.gouv.fr\/delos\/public\/bgt\/ece_pc<\/a><\/p>\n\n\n\n<p class=\"has-brown-color has-tan-background-color has-text-color has-background has-link-color wp-elements-8f60c4bced6d15688730a7da7227ff02\"><strong>banque de sujets ( non officiel)<\/strong><\/p>\n\n\n\n<p><a href=\"https:\/\/ecebac.fr\/listaca.php?aca=7\">https:\/\/ecebac.fr\/listaca.php?aca=7<\/a><\/p>\n\n\n\n<div class=\"wp-block-esab-accordion accordion-ee526a2f\" data-mode=\"global\"><div class=\"esab__container\">\n<div class=\"wp-block-esab-accordion-child\"><div class=\"esab__head\" role=\"button\" aria-expanded=\"false\"><div class=\"esab__heading_txt\"><p class=\"esab__heading_tag\">Techniques exp\u00e9rimentales en vid\u00e9o (chimie)<\/p><\/div><div class=\"esab__icon\"><div class=\"esab__collapse\"> <svg version=\"1.2\" viewBox=\"0 0 24 24\" width=\"24\" height=\"24\"><path fill-rule=\"evenodd\" d=\"m3.5 20.5c-4.7-4.7-4.7-12.3 0-17 4.7-4.7 12.3-4.7 17 0 4.6 4.7 4.6 12.3 0 17-4.7 4.6-12.3 4.6-17 0zm0.9-0.9c4.2 4.2 11 4.2 15.2 0 4.2-4.2 4.2-11 0-15.2-4.2-4.3-11-4.3-15.2 0-4.3 4.2-4.3 11 0 15.2z\"><\/path><path d=\"m11.4 15.9v-3.3h-3.3c-0.3 0-0.6-0.3-0.6-0.6 0-0.4 0.3-0.6 0.6-0.6h3.3v-3.3c0-0.3 0.3-0.6 0.6-0.6 0.3 0 0.6 0.3 0.6 0.6v3.3h3.3c0.3 0 0.6 0.2 0.6 0.6q0 0.2-0.2 0.4-0.2 0.2-0.4 0.2h-3.3v3.3q0 0.2-0.2 0.4-0.2 0.2-0.4 0.2c-0.4 0-0.6-0.3-0.6-0.6z\"><\/path><\/svg> <\/div><div class=\"esab__expand\"> <svg version=\"1.2\" viewBox=\"0 0 24 24\" width=\"24\" height=\"24\"><path fill-rule=\"evenodd\" d=\"m12 24c-6.6 0-12-5.4-12-12 0-6.6 5.4-12 12-12 6.6 0 12 5.4 12 12 0 6.6-5.4 12-12 12zm10.6-12c0-5.9-4.7-10.6-10.6-10.6-5.9 0-10.6 4.7-10.6 10.6 0 5.9 4.7 10.6 10.6 10.6 5.9 0 10.6-4.7 10.6-10.6z\"><\/path><path d=\"m5.6 11.3h12.8v1.4h-12.8z\"><\/path><\/svg> <\/div><\/div><\/div><div class=\"esab__body\">\n<p>source: Isabelle Tarride et Jean-Claude Desarnaud<\/p>\n\n\n\n<p><a href=\"http:\/\/www.spc.ac-aix-marseille.fr\/phy_chi\/Menu\/Activites_pedagogiques\/cap_exp\/index.htm\">http:\/\/www.spc.ac-aix-marseille.fr\/phy_chi\/Menu\/Activites_pedagogiques\/cap_exp\/index.htm<\/a><\/p>\n\n\n\n<p>Pipette<br><video controls=\"controls\" width=\"320\" height=\"240\"><source src=\" http:\/\/yb-isn.fr\/video-chimie\/Pipette.mp4\" type=\"video\/mp4\"><\/video><\/p>\n\n\n\n<br><video controls=\"controls\" width=\"320\" height=\"240\"><source src=\" http:\/\/yb-isn.fr\/video-chimie\/Final_burette.mp4\" type=\"video\/mp4\"><\/video><br>\n\n\n\n<br><video controls=\"controls\" width=\"320\" height=\"240\"><source src=\" http:\/\/yb-isn.fr\/video-chimie\/Dilution.mp4\" type=\"video\/mp4\"><\/video><br>\n\n\n\n<br><video controls=\"controls\" width=\"320\" height=\"240\"><source src=\" http:\/\/yb-isn.fr\/video-chimie\/dissolution.mp4\" type=\"video\/mp4\"><\/video><br>\n\n\n\n<br><video controls=\"controls\" width=\"320\" height=\"240\"><source src=\" http:\/\/yb-isn.fr\/video-chimie\/ccm.mp4\" type=\"video\/mp4\"><\/video><br>\n\n\n\n<br><video controls=\"controls\" width=\"320\" height=\"240\"><source src=\" http:\/\/yb-isn.fr\/video-chimie\/Extraction.mp4\" type=\"video\/mp4\"><\/video><br>\n\n\n\n<br><video controls=\"controls\" width=\"320\" height=\"240\"><source src=\" http:\/\/yb-isn.fr\/video-chimie\/Titrage_colorimetrique.mp4\" type=\"video\/mp4\"><\/video><br>\n\n\n\n<br><video controls=\"controls\" width=\"320\" height=\"240\"><source src=\" http:\/\/yb-isn.fr\/video-chimie\/titrage_conductimetrique.mp4\" type=\"video\/mp4\"><\/video><br>\n\n\n\n<br><video controls=\"controls\" width=\"320\" height=\"240\"><source src=\" http:\/\/yb-isn.fr\/video-chimie\/titrage_pH.mp4\" type=\"video\/mp4\"><\/video><br>\n\n\n\n<p><a href=\"https:\/\/www.edumedia-sciences.com\/fr\/media\/59-chauffage-a-reflux?auth=e7c3de5c05ab4a70ffd15a32dc058fb0\/23383\">chauffage \u00e0 reflux<\/a><\/p>\n\n\n\n<p><a href=\"https:\/\/www.edumedia-sciences.com\/fr\/media\/107-appareil-de-dean-stark?auth=26092269a39cc37cfa9532246fe4b9de\/23383\">Appareil de Dean et Stark<\/a><\/p>\n\n\n\n<p><a href=\"https:\/\/www.edumedia-sciences.com\/fr\/media\/451-chromatographie-sur-couche-mince-ccm?auth=81abf90b3cc3a2fc08cb8f334452adc0\/23383\">Chromatographie sur couche mince<\/a><\/p>\n<\/div><\/div>\n<\/div><\/div>\n\n\n\n<p><\/p>\n\n\n\n<p><\/p>\n\n\n\n<p>Savez vous ?<\/p>\n\n\n\n<ul class=\"wp-block-list\">\n<li>Utiliser un tableur pour faire une mod\u00e9lisation (excel ou libreoffice)<\/li>\n\n\n\n<li>Faire une dilution <\/li>\n\n\n\n<li>Mesurer une absorbance et faire un suivi cin\u00e9tique par spectrophotom\u00e9trie<\/li>\n\n\n\n<li>Effectuer des Titrages : conductim\u00e9trie ,pH m\u00e9trie ,spectrophotom\u00e9trie , colorim\u00e9trie<\/li>\n\n\n\n<li>Faire l&rsquo;Acquisition d&rsquo;un signal sur latispro<\/li>\n\n\n\n<li>Effectuer des calculs sur latispro<\/li>\n\n\n\n<li>Enregistrer une vid\u00e9o (amcap)  et exploiter un pointage vid\u00e9o<\/li>\n\n\n\n<li>Comprendre un minimum Modifier et ex\u00e9cuter un code python dans un ide (thonny par exemple)<\/li>\n\n\n\n<li>R\u00e9aliser une photo (amcap) et l&rsquo;exploiter avec salsaJ<\/li>\n\n\n\n<li>Exploiter un fichier son sur Audacity<\/li>\n<\/ul>\n\n\n\n<p><\/p>\n\n\n\n<p><\/p>\n","protected":false},"excerpt":{"rendered":"","protected":false},"author":1,"featured_media":0,"parent":0,"menu_order":0,"comment_status":"closed","ping_status":"closed","template":"","meta":{"_themeisle_gutenberg_block_has_review":false,"footnotes":""},"class_list":["post-170","page","type-page","status-publish","hentry"],"_links":{"self":[{"href":"https:\/\/yb-isn.fr\/2025\/spc\/index.php?rest_route=\/wp\/v2\/pages\/170","targetHints":{"allow":["GET"]}}],"collection":[{"href":"https:\/\/yb-isn.fr\/2025\/spc\/index.php?rest_route=\/wp\/v2\/pages"}],"about":[{"href":"https:\/\/yb-isn.fr\/2025\/spc\/index.php?rest_route=\/wp\/v2\/types\/page"}],"author":[{"embeddable":true,"href":"https:\/\/yb-isn.fr\/2025\/spc\/index.php?rest_route=\/wp\/v2\/users\/1"}],"replies":[{"embeddable":true,"href":"https:\/\/yb-isn.fr\/2025\/spc\/index.php?rest_route=%2Fwp%2Fv2%2Fcomments&post=170"}],"version-history":[{"count":1,"href":"https:\/\/yb-isn.fr\/2025\/spc\/index.php?rest_route=\/wp\/v2\/pages\/170\/revisions"}],"predecessor-version":[{"id":172,"href":"https:\/\/yb-isn.fr\/2025\/spc\/index.php?rest_route=\/wp\/v2\/pages\/170\/revisions\/172"}],"wp:attachment":[{"href":"https:\/\/yb-isn.fr\/2025\/spc\/index.php?rest_route=%2Fwp%2Fv2%2Fmedia&parent=170"}],"curies":[{"name":"wp","href":"https:\/\/api.w.org\/{rel}","templated":true}]}}