{"id":370,"date":"2025-11-25T08:28:13","date_gmt":"2025-11-25T07:28:13","guid":{"rendered":"https:\/\/yb-isn.fr\/2025\/spc\/?page_id=370"},"modified":"2025-11-25T09:01:48","modified_gmt":"2025-11-25T08:01:48","slug":"revisions","status":"publish","type":"page","link":"https:\/\/yb-isn.fr\/2025\/spc\/?page_id=370","title":{"rendered":"Espace r\u00e9visions"},"content":{"rendered":"<div class=\"wp-block-image\">\n<figure class=\"aligncenter size-full is-resized\"><img loading=\"lazy\" decoding=\"async\" width=\"1024\" height=\"1024\" src=\"https:\/\/yb-isn.fr\/2025\/spc\/wp-content\/uploads\/2025\/11\/ChatGPT-Image-25-nov.-2025-08_56_58.png\" alt=\"\" class=\"wp-image-375\" style=\"width:138px;height:auto\" srcset=\"https:\/\/yb-isn.fr\/2025\/spc\/wp-content\/uploads\/2025\/11\/ChatGPT-Image-25-nov.-2025-08_56_58.png 1024w, https:\/\/yb-isn.fr\/2025\/spc\/wp-content\/uploads\/2025\/11\/ChatGPT-Image-25-nov.-2025-08_56_58-300x300.png 300w, https:\/\/yb-isn.fr\/2025\/spc\/wp-content\/uploads\/2025\/11\/ChatGPT-Image-25-nov.-2025-08_56_58-150x150.png 150w, https:\/\/yb-isn.fr\/2025\/spc\/wp-content\/uploads\/2025\/11\/ChatGPT-Image-25-nov.-2025-08_56_58-768x768.png 768w\" sizes=\"auto, (max-width: 1024px) 100vw, 1024px\" \/><\/figure>\n<\/div>\n\n\n<h5 class=\"wp-block-heading has-black-color has-pale-ocean-gradient-background has-text-color has-background has-link-color wp-elements-b6340890ab009d96683e33f0d569bbb9\"><strong>Bac \u00e9crit<\/strong><\/h5>\n\n\n\n<p>Cet onglet rassemble une s\u00e9lection de sujets du baccalaur\u00e9at issus principalement du site <strong>Labolyc\u00e9e<\/strong>, accompagn\u00e9s de corrig\u00e9s d\u00e9taill\u00e9s.<br>Ils vous permettront de vous entra\u00eener efficacement \u00e0 l\u2019\u00e9preuve \u00e9crite, de r\u00e9viser les notions essentielles et de comprendre les attentes des correcteurs.<\/p>\n\n\n\n<hr class=\"wp-block-separator has-alpha-channel-opacity\"\/>\n\n\n\n<h5 class=\"wp-block-heading has-black-color has-pale-ocean-gradient-background has-text-color has-background has-link-color wp-elements-f969897a07b53b620897e846c0bbecb9\"><strong>Pr\u00e9pa \/ Concours g\u00e9n\u00e9ral<\/strong><\/h5>\n\n\n\n<p>Vous trouverez ici des sujets du <strong>Concours G\u00e9n\u00e9ral de Physique<\/strong>, avec leurs corrig\u00e9s.<br>Ces exercices de haut niveau sont adapt\u00e9s aux \u00e9l\u00e8ves souhaitant :<\/p>\n\n\n\n<ul class=\"wp-block-list\">\n<li>approfondir leur culture scientifique,<\/li>\n\n\n\n<li>pr\u00e9parer une entr\u00e9e en classe pr\u00e9pa,<\/li>\n\n\n\n<li>s\u2019entra\u00eener sur des probl\u00e8mes plus exigeants que ceux du bac.<\/li>\n<\/ul>\n\n\n\n<hr class=\"wp-block-separator has-alpha-channel-opacity\"\/>\n\n\n\n<h5 class=\"wp-block-heading has-black-color has-pale-ocean-gradient-background has-text-color has-background has-link-color wp-elements-160272007c4dee6e0133d735eb32685f\"><strong>Culture scientifique<\/strong><\/h5>\n\n\n\n<p>Cet onglet propose une s\u00e9lection de liens vers des articles, dossiers et actualit\u00e9s scientifiques.<br>Ils peuvent vous inspirer pour trouver un sujet de Grand Oral, enrichir votre culture g\u00e9n\u00e9rale ou d\u00e9couvrir les avanc\u00e9es r\u00e9centes en physique et en chimie.<\/p>\n","protected":false},"excerpt":{"rendered":"<p>Bac \u00e9crit Cet onglet rassemble une s\u00e9lection de sujets du baccalaur\u00e9at issus principalement du site Labolyc\u00e9e, accompagn\u00e9s de corrig\u00e9s d\u00e9taill\u00e9s.Ils [&hellip;]<\/p>\n","protected":false},"author":1,"featured_media":0,"parent":0,"menu_order":0,"comment_status":"closed","ping_status":"closed","template":"","meta":{"_themeisle_gutenberg_block_has_review":false,"footnotes":""},"class_list":["post-370","page","type-page","status-publish","hentry"],"_links":{"self":[{"href":"https:\/\/yb-isn.fr\/2025\/spc\/index.php?rest_route=\/wp\/v2\/pages\/370","targetHints":{"allow":["GET"]}}],"collection":[{"href":"https:\/\/yb-isn.fr\/2025\/spc\/index.php?rest_route=\/wp\/v2\/pages"}],"about":[{"href":"https:\/\/yb-isn.fr\/2025\/spc\/index.php?rest_route=\/wp\/v2\/types\/page"}],"author":[{"embeddable":true,"href":"https:\/\/yb-isn.fr\/2025\/spc\/index.php?rest_route=\/wp\/v2\/users\/1"}],"replies":[{"embeddable":true,"href":"https:\/\/yb-isn.fr\/2025\/spc\/index.php?rest_route=%2Fwp%2Fv2%2Fcomments&post=370"}],"version-history":[{"count":5,"href":"https:\/\/yb-isn.fr\/2025\/spc\/index.php?rest_route=\/wp\/v2\/pages\/370\/revisions"}],"predecessor-version":[{"id":379,"href":"https:\/\/yb-isn.fr\/2025\/spc\/index.php?rest_route=\/wp\/v2\/pages\/370\/revisions\/379"}],"wp:attachment":[{"href":"https:\/\/yb-isn.fr\/2025\/spc\/index.php?rest_route=%2Fwp%2Fv2%2Fmedia&parent=370"}],"curies":[{"name":"wp","href":"https:\/\/api.w.org\/{rel}","templated":true}]}}