{"id":383,"date":"2025-11-25T09:13:22","date_gmt":"2025-11-25T08:13:22","guid":{"rendered":"https:\/\/yb-isn.fr\/2025\/spc\/?page_id=383"},"modified":"2026-02-15T08:46:47","modified_gmt":"2026-02-15T07:46:47","slug":"prepa-concours","status":"publish","type":"page","link":"https:\/\/yb-isn.fr\/2025\/spc\/?page_id=383","title":{"rendered":"Pr\u00e9pa\/Concours"},"content":{"rendered":"\n<p>voici <strong>un lien vers une banque de sujets\/corrig\u00e9s<\/strong> pour le Concours G\u00e9n\u00e9ral (physique-chimie) et <strong>quelques exercices cibl\u00e9s<\/strong> que vous pouvez proposer \u00e0 votre \u00e9l\u00e8ve pour s\u2019entra\u00eener.<\/p>\n\n\n\n<hr class=\"wp-block-separator has-alpha-channel-opacity\"\/>\n\n\n\n<h3 class=\"wp-block-heading\"> Banque de sujets &amp; corrig\u00e9s<\/h3>\n\n\n\n<p>concours g\u00e9n\u00e9ral :<a href=\"https:\/\/www.education.gouv.fr\/bo\/2025\/Hebdo40\/MENE2524695N\">https:\/\/www.education.gouv.fr\/bo\/2025\/Hebdo40\/MENE2524695N<\/a><\/p>\n\n\n\n<p><\/p>\n\n\n\n<ul class=\"wp-block-list\">\n<li>Le portail \u00c9duscol (Minist\u00e8re de l\u2019\u00c9ducation) liste les sujets + rapports de jury pour toutes les disciplines, y compris Physique-Chimie. <a href=\"https:\/\/eduscol.education.fr\/1443\/sujets-et-rapports-de-jury-du-concours-general-des-lycees-et-des-metiers?utm_source=chatgpt.com\" target=\"_blank\" rel=\"noreferrer noopener\">\u00c9duscol+1<\/a><\/li>\n\n\n\n<li>Une page d\u00e9di\u00e9e \u00e0 la Physique-Chimie (acad\u00e9mie de Normandie) recense les sujets sessions 2016 \u00e0 2025, avec rapports de jury. <a href=\"https:\/\/physique-chimie.ac-normandie.fr\/spip.php?article522=&amp;utm_source=chatgpt.com\" target=\"_blank\" rel=\"noreferrer noopener\">physique-chimie.ac-normandie.fr<\/a><\/li>\n\n\n\n<li>\u00a0\u00bb\u00a0<strong>physica.fr<\/strong>,\u00a0un site fait pour aider les lyc\u00e9ens \u00e0 pr\u00e9parer leur avenir de physicien,\u00a0\u00bb   :<a href=\"https:\/\/www.physica.fr\/accueil\">https:\/\/www.physica.fr\/accueil<\/a><\/li>\n<\/ul>\n\n\n\n<p><\/p>\n","protected":false},"excerpt":{"rendered":"<p>voici un lien vers une banque de sujets\/corrig\u00e9s pour le Concours G\u00e9n\u00e9ral (physique-chimie) et quelques exercices cibl\u00e9s que vous pouvez [&hellip;]<\/p>\n","protected":false},"author":1,"featured_media":0,"parent":0,"menu_order":0,"comment_status":"closed","ping_status":"closed","template":"","meta":{"_themeisle_gutenberg_block_has_review":false,"footnotes":""},"class_list":["post-383","page","type-page","status-publish","hentry"],"_links":{"self":[{"href":"https:\/\/yb-isn.fr\/2025\/spc\/index.php?rest_route=\/wp\/v2\/pages\/383","targetHints":{"allow":["GET"]}}],"collection":[{"href":"https:\/\/yb-isn.fr\/2025\/spc\/index.php?rest_route=\/wp\/v2\/pages"}],"about":[{"href":"https:\/\/yb-isn.fr\/2025\/spc\/index.php?rest_route=\/wp\/v2\/types\/page"}],"author":[{"embeddable":true,"href":"https:\/\/yb-isn.fr\/2025\/spc\/index.php?rest_route=\/wp\/v2\/users\/1"}],"replies":[{"embeddable":true,"href":"https:\/\/yb-isn.fr\/2025\/spc\/index.php?rest_route=%2Fwp%2Fv2%2Fcomments&post=383"}],"version-history":[{"count":4,"href":"https:\/\/yb-isn.fr\/2025\/spc\/index.php?rest_route=\/wp\/v2\/pages\/383\/revisions"}],"predecessor-version":[{"id":658,"href":"https:\/\/yb-isn.fr\/2025\/spc\/index.php?rest_route=\/wp\/v2\/pages\/383\/revisions\/658"}],"wp:attachment":[{"href":"https:\/\/yb-isn.fr\/2025\/spc\/index.php?rest_route=%2Fwp%2Fv2%2Fmedia&parent=383"}],"curies":[{"name":"wp","href":"https:\/\/api.w.org\/{rel}","templated":true}]}}